{"id":3211,"date":"2016-03-30T10:07:18","date_gmt":"2016-03-30T09:07:18","guid":{"rendered":"http:\/\/www.golfissimo.biz\/?page_id=3211"},"modified":"2025-06-17T08:35:40","modified_gmt":"2025-06-17T07:35:40","slug":"orari","status":"publish","type":"page","link":"https:\/\/www.golfissimo.biz\/index.php\/orari\/","title":{"rendered":"Orari"},"content":{"rendered":"<p style=\"text-align: center;\">Dal luned\u00ec al gioved\u00ec<\/p>\n<p style=\"text-align: center;\">dalle 8.30 alle 12.30 e dalle 13.15 alle 18.00<\/p>\n<p style=\"text-align: center;\">venerd\u00ec<\/p>\n<p style=\"text-align: center;\">dalle 8.45 alle 12.30 e dalle 13.00 alle 18.00<\/p>\n<p style=\"text-align: center;\">Il sabato e la domenica chiuso<\/p>\n<p style=\"text-align: center;\">&#8212;&#8212;&#8212;&#8212;&#8212;&#8212;&#8212;&#8212;&#8212;&#8212;&#8212;&#8212;&#8212;&#8212;&#8212;&#8212;&#8212;&#8212;&#8212;&#8212;&#8212;&#8212;&#8212;&#8212;&#8212;&#8212;&#8212;&#8212;-<\/p>\n<p style=\"text-align: center;\">Quando durante gli orari di apertura, non siamo presenti in laboratorio, ci potete contattare:<\/p>\n<p style=\"text-align: center;\">al numero 3393089807<\/p>\n<p style=\"text-align: center;\">Per WhatsApp al 3393089807 oppure 0574584444<\/p>\n<p>&nbsp;<\/p>\n<p>&nbsp;<\/p>\n<p>&nbsp;<\/p>\n<p>&nbsp;<\/p>\n<h1>&nbsp;<\/h1>\n","protected":false},"excerpt":{"rendered":"<p>Dal luned\u00ec al gioved\u00ec dalle 8.30 alle 12.30 e dalle 13.15 alle 18.00 venerd\u00ec dalle 8.45 alle 12.30 e dalle 13.00 alle 18.00 Il sabato e la domenica chiuso &#8212;&#8212;&#8212;&#8212;&#8212;&#8212;&#8212;&#8212;&#8212;&#8212;&#8212;&#8212;&#8212;&#8212;&#8212;&#8212;&#8212;&#8212;&#8212;&#8212;&#8212;&#8212;&#8212;&#8212;&#8212;&#8212;&#8212;&#8212;-&hellip;<\/p>\n","protected":false},"author":1,"featured_media":0,"parent":0,"menu_order":2,"comment_status":"closed","ping_status":"closed","template":"","meta":{"ngg_post_thumbnail":0,"iawp_total_views":34,"footnotes":""},"class_list":["post-3211","page","type-page","status-publish","hentry"],"yoast_head":"<!-- This site is optimized with the Yoast SEO plugin v27.4 - https:\/\/yoast.com\/product\/yoast-seo-wordpress\/ -->\r\n<title>Orari - Golfissimo snc<\/title>\r\n<meta name=\"robots\" content=\"index, follow, max-snippet:-1, max-image-preview:large, max-video-preview:-1\" \/>\r\n<link rel=\"canonical\" href=\"https:\/\/www.golfissimo.biz\/index.php\/orari\/\" \/>\r\n<meta property=\"og:locale\" content=\"it_IT\" \/>\r\n<meta property=\"og:type\" content=\"article\" \/>\r\n<meta property=\"og:title\" content=\"Orari - Golfissimo snc\" \/>\r\n<meta property=\"og:description\" content=\"Dal luned\u00ec al gioved\u00ec dalle 8.30 alle 12.30 e dalle 13.15 alle 18.00 venerd\u00ec dalle 8.45 alle 12.30 e dalle 13.00 alle 18.00 Il sabato e la domenica chiuso &#8212;&#8212;&#8212;&#8212;&#8212;&#8212;&#8212;&#8212;&#8212;&#8212;&#8212;&#8212;&#8212;&#8212;&#8212;&#8212;&#8212;&#8212;&#8212;&#8212;&#8212;&#8212;&#8212;&#8212;&#8212;&#8212;&#8212;&#8212;-&hellip;\" \/>\r\n<meta property=\"og:url\" content=\"https:\/\/www.golfissimo.biz\/index.php\/orari\/\" \/>\r\n<meta property=\"og:site_name\" content=\"Golfissimo snc\" \/>\r\n<meta property=\"article:modified_time\" content=\"2025-06-17T07:35:40+00:00\" \/>\r\n<meta name=\"twitter:label1\" content=\"Tempo di lettura stimato\" \/>\n\t<meta name=\"twitter:data1\" content=\"1 minuto\" \/>\r\n<script type=\"application\/ld+json\" class=\"yoast-schema-graph\">{\"@context\":\"https:\\\/\\\/schema.org\",\"@graph\":[{\"@type\":\"WebPage\",\"@id\":\"https:\\\/\\\/www.golfissimo.biz\\\/index.php\\\/orari\\\/\",\"url\":\"https:\\\/\\\/www.golfissimo.biz\\\/index.php\\\/orari\\\/\",\"name\":\"Orari - Golfissimo snc\",\"isPartOf\":{\"@id\":\"https:\\\/\\\/www.golfissimo.biz\\\/#website\"},\"datePublished\":\"2016-03-30T09:07:18+00:00\",\"dateModified\":\"2025-06-17T07:35:40+00:00\",\"breadcrumb\":{\"@id\":\"https:\\\/\\\/www.golfissimo.biz\\\/index.php\\\/orari\\\/#breadcrumb\"},\"inLanguage\":\"it-IT\",\"potentialAction\":[{\"@type\":\"ReadAction\",\"target\":[\"https:\\\/\\\/www.golfissimo.biz\\\/index.php\\\/orari\\\/\"]}]},{\"@type\":\"BreadcrumbList\",\"@id\":\"https:\\\/\\\/www.golfissimo.biz\\\/index.php\\\/orari\\\/#breadcrumb\",\"itemListElement\":[{\"@type\":\"ListItem\",\"position\":1,\"name\":\"Home\",\"item\":\"https:\\\/\\\/www.golfissimo.biz\\\/\"},{\"@type\":\"ListItem\",\"position\":2,\"name\":\"Orari\"}]},{\"@type\":\"WebSite\",\"@id\":\"https:\\\/\\\/www.golfissimo.biz\\\/#website\",\"url\":\"https:\\\/\\\/www.golfissimo.biz\\\/\",\"name\":\"Golfissimo snc\",\"description\":\"Club fitting, Riparazione bastoni da golf, Assistenza carrelli elettrici, vendita\",\"publisher\":{\"@id\":\"https:\\\/\\\/www.golfissimo.biz\\\/#organization\"},\"potentialAction\":[{\"@type\":\"SearchAction\",\"target\":{\"@type\":\"EntryPoint\",\"urlTemplate\":\"https:\\\/\\\/www.golfissimo.biz\\\/?s={search_term_string}\"},\"query-input\":{\"@type\":\"PropertyValueSpecification\",\"valueRequired\":true,\"valueName\":\"search_term_string\"}}],\"inLanguage\":\"it-IT\"},{\"@type\":\"Organization\",\"@id\":\"https:\\\/\\\/www.golfissimo.biz\\\/#organization\",\"name\":\"Golfissimo snc\",\"url\":\"https:\\\/\\\/www.golfissimo.biz\\\/\",\"logo\":{\"@type\":\"ImageObject\",\"inLanguage\":\"it-IT\",\"@id\":\"https:\\\/\\\/www.golfissimo.biz\\\/#\\\/schema\\\/logo\\\/image\\\/\",\"url\":\"https:\\\/\\\/www.golfissimo.biz\\\/wp-content\\\/uploads\\\/2012\\\/10\\\/cropped-cropped-cropped-cropped-cropped-LOGONOVO-SITO.jpg\",\"contentUrl\":\"https:\\\/\\\/www.golfissimo.biz\\\/wp-content\\\/uploads\\\/2012\\\/10\\\/cropped-cropped-cropped-cropped-cropped-LOGONOVO-SITO.jpg\",\"width\":212,\"height\":90,\"caption\":\"Golfissimo snc\"},\"image\":{\"@id\":\"https:\\\/\\\/www.golfissimo.biz\\\/#\\\/schema\\\/logo\\\/image\\\/\"}}]}<\/script>\r\n<!-- \/ Yoast SEO plugin. -->","yoast_head_json":{"title":"Orari - Golfissimo snc","robots":{"index":"index","follow":"follow","max-snippet":"max-snippet:-1","max-image-preview":"max-image-preview:large","max-video-preview":"max-video-preview:-1"},"canonical":"https:\/\/www.golfissimo.biz\/index.php\/orari\/","og_locale":"it_IT","og_type":"article","og_title":"Orari - Golfissimo snc","og_description":"Dal luned\u00ec al gioved\u00ec dalle 8.30 alle 12.30 e dalle 13.15 alle 18.00 venerd\u00ec dalle 8.45 alle 12.30 e dalle 13.00 alle 18.00 Il sabato e la domenica chiuso &#8212;&#8212;&#8212;&#8212;&#8212;&#8212;&#8212;&#8212;&#8212;&#8212;&#8212;&#8212;&#8212;&#8212;&#8212;&#8212;&#8212;&#8212;&#8212;&#8212;&#8212;&#8212;&#8212;&#8212;&#8212;&#8212;&#8212;&#8212;-&hellip;","og_url":"https:\/\/www.golfissimo.biz\/index.php\/orari\/","og_site_name":"Golfissimo snc","article_modified_time":"2025-06-17T07:35:40+00:00","twitter_misc":{"Tempo di lettura stimato":"1 minuto"},"schema":{"@context":"https:\/\/schema.org","@graph":[{"@type":"WebPage","@id":"https:\/\/www.golfissimo.biz\/index.php\/orari\/","url":"https:\/\/www.golfissimo.biz\/index.php\/orari\/","name":"Orari - Golfissimo snc","isPartOf":{"@id":"https:\/\/www.golfissimo.biz\/#website"},"datePublished":"2016-03-30T09:07:18+00:00","dateModified":"2025-06-17T07:35:40+00:00","breadcrumb":{"@id":"https:\/\/www.golfissimo.biz\/index.php\/orari\/#breadcrumb"},"inLanguage":"it-IT","potentialAction":[{"@type":"ReadAction","target":["https:\/\/www.golfissimo.biz\/index.php\/orari\/"]}]},{"@type":"BreadcrumbList","@id":"https:\/\/www.golfissimo.biz\/index.php\/orari\/#breadcrumb","itemListElement":[{"@type":"ListItem","position":1,"name":"Home","item":"https:\/\/www.golfissimo.biz\/"},{"@type":"ListItem","position":2,"name":"Orari"}]},{"@type":"WebSite","@id":"https:\/\/www.golfissimo.biz\/#website","url":"https:\/\/www.golfissimo.biz\/","name":"Golfissimo snc","description":"Club fitting, Riparazione bastoni da golf, Assistenza carrelli elettrici, vendita","publisher":{"@id":"https:\/\/www.golfissimo.biz\/#organization"},"potentialAction":[{"@type":"SearchAction","target":{"@type":"EntryPoint","urlTemplate":"https:\/\/www.golfissimo.biz\/?s={search_term_string}"},"query-input":{"@type":"PropertyValueSpecification","valueRequired":true,"valueName":"search_term_string"}}],"inLanguage":"it-IT"},{"@type":"Organization","@id":"https:\/\/www.golfissimo.biz\/#organization","name":"Golfissimo snc","url":"https:\/\/www.golfissimo.biz\/","logo":{"@type":"ImageObject","inLanguage":"it-IT","@id":"https:\/\/www.golfissimo.biz\/#\/schema\/logo\/image\/","url":"https:\/\/www.golfissimo.biz\/wp-content\/uploads\/2012\/10\/cropped-cropped-cropped-cropped-cropped-LOGONOVO-SITO.jpg","contentUrl":"https:\/\/www.golfissimo.biz\/wp-content\/uploads\/2012\/10\/cropped-cropped-cropped-cropped-cropped-LOGONOVO-SITO.jpg","width":212,"height":90,"caption":"Golfissimo snc"},"image":{"@id":"https:\/\/www.golfissimo.biz\/#\/schema\/logo\/image\/"}}]}},"jetpack_sharing_enabled":true,"_links":{"self":[{"href":"https:\/\/www.golfissimo.biz\/index.php\/wp-json\/wp\/v2\/pages\/3211","targetHints":{"allow":["GET"]}}],"collection":[{"href":"https:\/\/www.golfissimo.biz\/index.php\/wp-json\/wp\/v2\/pages"}],"about":[{"href":"https:\/\/www.golfissimo.biz\/index.php\/wp-json\/wp\/v2\/types\/page"}],"author":[{"embeddable":true,"href":"https:\/\/www.golfissimo.biz\/index.php\/wp-json\/wp\/v2\/users\/1"}],"replies":[{"embeddable":true,"href":"https:\/\/www.golfissimo.biz\/index.php\/wp-json\/wp\/v2\/comments?post=3211"}],"version-history":[{"count":52,"href":"https:\/\/www.golfissimo.biz\/index.php\/wp-json\/wp\/v2\/pages\/3211\/revisions"}],"predecessor-version":[{"id":121460,"href":"https:\/\/www.golfissimo.biz\/index.php\/wp-json\/wp\/v2\/pages\/3211\/revisions\/121460"}],"wp:attachment":[{"href":"https:\/\/www.golfissimo.biz\/index.php\/wp-json\/wp\/v2\/media?parent=3211"}],"curies":[{"name":"wp","href":"https:\/\/api.w.org\/{rel}","templated":true}]}}