{"id":3265,"date":"2016-11-07T10:46:10","date_gmt":"2016-11-07T09:46:10","guid":{"rendered":"http:\/\/www.golfissimo.biz\/?page_id=3265"},"modified":"2023-09-26T12:50:03","modified_gmt":"2023-09-26T11:50:03","slug":"castelfalfi","status":"publish","type":"page","link":"https:\/\/www.golfissimo.biz\/index.php\/centro-tecnico\/collaborazioni\/castelfalfi\/","title":{"rendered":"Golf Club Castelfalfi"},"content":{"rendered":"<pre class=\"text-uppercase title-golf mb0\"><a href=\"https:\/\/www.castelfalfi.com\/it\/golf-club\/\" target=\"_blank\" rel=\"noopener noreferrer\"><img loading=\"lazy\" decoding=\"async\" class=\"wp-image-97070 aligncenter\" src=\"https:\/\/www.golfissimo.biz\/wp-content\/uploads\/2023\/09\/logo.png\" alt=\"\" width=\"133\" height=\"123\" srcset=\"https:\/\/www.golfissimo.biz\/wp-content\/uploads\/2023\/09\/logo.png 998w, https:\/\/www.golfissimo.biz\/wp-content\/uploads\/2023\/09\/logo-600x556.png 600w, https:\/\/www.golfissimo.biz\/wp-content\/uploads\/2023\/09\/logo-300x278.png 300w, https:\/\/www.golfissimo.biz\/wp-content\/uploads\/2023\/09\/logo-768x712.png 768w\" sizes=\"auto, (max-width: 133px) 100vw, 133px\" \/><\/a><\/pre>\n<h2 class=\"text-uppercase subtitle-golf \">I PERCORSI<\/h2>\n<p>A Castelfalfi, natura, benessere e sport si combinano nel campo da golf pi\u00f9 grande della Toscana: oltre 9.400 metri di fairway fiancheggiati da boschetti e ulivi, che formano la cornice perfetta per il tuo swing. Grazie agli architetti Prei\u00dfmann e Moroder, che ne hanno esaltato la bellezza del paesaggio, il suo layout a 27 buche \u00e8 oggi diviso in due spettacolari percorsi che mettono alla prova i giocatori pi\u00f9 esperti, ma al tempo stesso garantiscono divertimento agli appassionati praticanti.<\/p>\n<p>Il rispetto e l&#8217;amore per la natura sono elementi essenziali in questo sport e il Golf Club Castelfalfi da sempre si impegna a preservare il nostro bene pi\u00f9 prezioso: il paesaggio che lo accoglie. Il recupero delle acque piovane per l&#8217;irrigazione e le tecniche manutentive eco-compatibili sono solo alcuni degli aspetti che ci hanno portato ad essere premiati con l&#8217;eco etichetta GEO CertifiedTM, garanzia internazionale di sport di qualit\u00e0.<\/p>\n<p>&nbsp;<\/p>\n<p><a href=\"https:\/\/www.castelfalfi.com\/it\/golf-club\/\" rel=\"attachment wp-att-3442\"><img loading=\"lazy\" decoding=\"async\" class=\"alignnone size-full wp-image-3442\" src=\"https:\/\/www.golfissimo.biz\/wp-content\/uploads\/2016\/11\/map-v1.png\" alt=\"map-v1\" width=\"889\" height=\"738\" srcset=\"https:\/\/www.golfissimo.biz\/wp-content\/uploads\/2016\/11\/map-v1.png 889w, https:\/\/www.golfissimo.biz\/wp-content\/uploads\/2016\/11\/map-v1-600x498.png 600w, https:\/\/www.golfissimo.biz\/wp-content\/uploads\/2016\/11\/map-v1-300x249.png 300w, https:\/\/www.golfissimo.biz\/wp-content\/uploads\/2016\/11\/map-v1-768x638.png 768w\" sizes=\"auto, (max-width: 889px) 100vw, 889px\" \/><\/a><\/p>\n<p>&nbsp;<\/p>\n<p>&nbsp;<\/p>\n<p>&nbsp;<\/p>\n<p>&nbsp;<\/p>\n","protected":false},"excerpt":{"rendered":"<p>I PERCORSI A Castelfalfi, natura, benessere e sport si combinano nel campo da golf pi\u00f9 grande della Toscana: oltre 9.400 metri di fairway fiancheggiati da boschetti e ulivi, che formano&hellip;<\/p>\n","protected":false},"author":1,"featured_media":0,"parent":690,"menu_order":5,"comment_status":"closed","ping_status":"closed","template":"","meta":{"ngg_post_thumbnail":0,"iawp_total_views":15,"footnotes":""},"class_list":["post-3265","page","type-page","status-publish","hentry"],"yoast_head":"<!-- This site is optimized with the Yoast SEO plugin v27.4 - https:\/\/yoast.com\/product\/yoast-seo-wordpress\/ -->\r\n<title>Golf Club Castelfalfi - Golfissimo snc<\/title>\r\n<meta name=\"robots\" content=\"index, follow, max-snippet:-1, max-image-preview:large, max-video-preview:-1\" \/>\r\n<link rel=\"canonical\" href=\"https:\/\/www.golfissimo.biz\/index.php\/centro-tecnico\/collaborazioni\/castelfalfi\/\" \/>\r\n<meta property=\"og:locale\" content=\"it_IT\" \/>\r\n<meta property=\"og:type\" content=\"article\" \/>\r\n<meta property=\"og:title\" content=\"Golf Club Castelfalfi - Golfissimo snc\" \/>\r\n<meta property=\"og:description\" content=\"I PERCORSI A Castelfalfi, natura, benessere e sport si combinano nel campo da golf pi\u00f9 grande della Toscana: oltre 9.400 metri di fairway fiancheggiati da boschetti e ulivi, che formano&hellip;\" \/>\r\n<meta property=\"og:url\" content=\"https:\/\/www.golfissimo.biz\/index.php\/centro-tecnico\/collaborazioni\/castelfalfi\/\" \/>\r\n<meta property=\"og:site_name\" content=\"Golfissimo snc\" \/>\r\n<meta property=\"article:modified_time\" content=\"2023-09-26T11:50:03+00:00\" \/>\r\n<meta property=\"og:image\" content=\"http:\/\/www.golfissimo.biz\/wp-content\/uploads\/2023\/09\/logo.png\" \/>\r\n<meta name=\"twitter:label1\" content=\"Tempo di lettura stimato\" \/>\n\t<meta name=\"twitter:data1\" content=\"1 minuto\" \/>\r\n<script type=\"application\/ld+json\" class=\"yoast-schema-graph\">{\"@context\":\"https:\\\/\\\/schema.org\",\"@graph\":[{\"@type\":\"WebPage\",\"@id\":\"https:\\\/\\\/www.golfissimo.biz\\\/index.php\\\/centro-tecnico\\\/collaborazioni\\\/castelfalfi\\\/\",\"url\":\"https:\\\/\\\/www.golfissimo.biz\\\/index.php\\\/centro-tecnico\\\/collaborazioni\\\/castelfalfi\\\/\",\"name\":\"Golf Club Castelfalfi - Golfissimo snc\",\"isPartOf\":{\"@id\":\"https:\\\/\\\/www.golfissimo.biz\\\/#website\"},\"primaryImageOfPage\":{\"@id\":\"https:\\\/\\\/www.golfissimo.biz\\\/index.php\\\/centro-tecnico\\\/collaborazioni\\\/castelfalfi\\\/#primaryimage\"},\"image\":{\"@id\":\"https:\\\/\\\/www.golfissimo.biz\\\/index.php\\\/centro-tecnico\\\/collaborazioni\\\/castelfalfi\\\/#primaryimage\"},\"thumbnailUrl\":\"http:\\\/\\\/www.golfissimo.biz\\\/wp-content\\\/uploads\\\/2023\\\/09\\\/logo.png\",\"datePublished\":\"2016-11-07T09:46:10+00:00\",\"dateModified\":\"2023-09-26T11:50:03+00:00\",\"breadcrumb\":{\"@id\":\"https:\\\/\\\/www.golfissimo.biz\\\/index.php\\\/centro-tecnico\\\/collaborazioni\\\/castelfalfi\\\/#breadcrumb\"},\"inLanguage\":\"it-IT\",\"potentialAction\":[{\"@type\":\"ReadAction\",\"target\":[\"https:\\\/\\\/www.golfissimo.biz\\\/index.php\\\/centro-tecnico\\\/collaborazioni\\\/castelfalfi\\\/\"]}]},{\"@type\":\"ImageObject\",\"inLanguage\":\"it-IT\",\"@id\":\"https:\\\/\\\/www.golfissimo.biz\\\/index.php\\\/centro-tecnico\\\/collaborazioni\\\/castelfalfi\\\/#primaryimage\",\"url\":\"https:\\\/\\\/www.golfissimo.biz\\\/wp-content\\\/uploads\\\/2023\\\/09\\\/logo.png\",\"contentUrl\":\"https:\\\/\\\/www.golfissimo.biz\\\/wp-content\\\/uploads\\\/2023\\\/09\\\/logo.png\",\"width\":998,\"height\":925},{\"@type\":\"BreadcrumbList\",\"@id\":\"https:\\\/\\\/www.golfissimo.biz\\\/index.php\\\/centro-tecnico\\\/collaborazioni\\\/castelfalfi\\\/#breadcrumb\",\"itemListElement\":[{\"@type\":\"ListItem\",\"position\":1,\"name\":\"Home\",\"item\":\"https:\\\/\\\/www.golfissimo.biz\\\/\"},{\"@type\":\"ListItem\",\"position\":2,\"name\":\"Home\",\"item\":\"https:\\\/\\\/www.golfissimo.biz\\\/\"},{\"@type\":\"ListItem\",\"position\":3,\"name\":\"Collaborazioni\",\"item\":\"https:\\\/\\\/www.golfissimo.biz\\\/index.php\\\/centro-tecnico\\\/collaborazioni\\\/\"},{\"@type\":\"ListItem\",\"position\":4,\"name\":\"Golf Club Castelfalfi\"}]},{\"@type\":\"WebSite\",\"@id\":\"https:\\\/\\\/www.golfissimo.biz\\\/#website\",\"url\":\"https:\\\/\\\/www.golfissimo.biz\\\/\",\"name\":\"Golfissimo snc\",\"description\":\"Club fitting, Riparazione bastoni da golf, Assistenza carrelli elettrici, vendita\",\"publisher\":{\"@id\":\"https:\\\/\\\/www.golfissimo.biz\\\/#organization\"},\"potentialAction\":[{\"@type\":\"SearchAction\",\"target\":{\"@type\":\"EntryPoint\",\"urlTemplate\":\"https:\\\/\\\/www.golfissimo.biz\\\/?s={search_term_string}\"},\"query-input\":{\"@type\":\"PropertyValueSpecification\",\"valueRequired\":true,\"valueName\":\"search_term_string\"}}],\"inLanguage\":\"it-IT\"},{\"@type\":\"Organization\",\"@id\":\"https:\\\/\\\/www.golfissimo.biz\\\/#organization\",\"name\":\"Golfissimo snc\",\"url\":\"https:\\\/\\\/www.golfissimo.biz\\\/\",\"logo\":{\"@type\":\"ImageObject\",\"inLanguage\":\"it-IT\",\"@id\":\"https:\\\/\\\/www.golfissimo.biz\\\/#\\\/schema\\\/logo\\\/image\\\/\",\"url\":\"https:\\\/\\\/www.golfissimo.biz\\\/wp-content\\\/uploads\\\/2012\\\/10\\\/cropped-cropped-cropped-cropped-cropped-LOGONOVO-SITO.jpg\",\"contentUrl\":\"https:\\\/\\\/www.golfissimo.biz\\\/wp-content\\\/uploads\\\/2012\\\/10\\\/cropped-cropped-cropped-cropped-cropped-LOGONOVO-SITO.jpg\",\"width\":212,\"height\":90,\"caption\":\"Golfissimo snc\"},\"image\":{\"@id\":\"https:\\\/\\\/www.golfissimo.biz\\\/#\\\/schema\\\/logo\\\/image\\\/\"}}]}<\/script>\r\n<!-- \/ Yoast SEO plugin. -->","yoast_head_json":{"title":"Golf Club Castelfalfi - Golfissimo snc","robots":{"index":"index","follow":"follow","max-snippet":"max-snippet:-1","max-image-preview":"max-image-preview:large","max-video-preview":"max-video-preview:-1"},"canonical":"https:\/\/www.golfissimo.biz\/index.php\/centro-tecnico\/collaborazioni\/castelfalfi\/","og_locale":"it_IT","og_type":"article","og_title":"Golf Club Castelfalfi - Golfissimo snc","og_description":"I PERCORSI A Castelfalfi, natura, benessere e sport si combinano nel campo da golf pi\u00f9 grande della Toscana: oltre 9.400 metri di fairway fiancheggiati da boschetti e ulivi, che formano&hellip;","og_url":"https:\/\/www.golfissimo.biz\/index.php\/centro-tecnico\/collaborazioni\/castelfalfi\/","og_site_name":"Golfissimo snc","article_modified_time":"2023-09-26T11:50:03+00:00","og_image":[{"url":"http:\/\/www.golfissimo.biz\/wp-content\/uploads\/2023\/09\/logo.png","type":"","width":"","height":""}],"twitter_misc":{"Tempo di lettura stimato":"1 minuto"},"schema":{"@context":"https:\/\/schema.org","@graph":[{"@type":"WebPage","@id":"https:\/\/www.golfissimo.biz\/index.php\/centro-tecnico\/collaborazioni\/castelfalfi\/","url":"https:\/\/www.golfissimo.biz\/index.php\/centro-tecnico\/collaborazioni\/castelfalfi\/","name":"Golf Club Castelfalfi - Golfissimo snc","isPartOf":{"@id":"https:\/\/www.golfissimo.biz\/#website"},"primaryImageOfPage":{"@id":"https:\/\/www.golfissimo.biz\/index.php\/centro-tecnico\/collaborazioni\/castelfalfi\/#primaryimage"},"image":{"@id":"https:\/\/www.golfissimo.biz\/index.php\/centro-tecnico\/collaborazioni\/castelfalfi\/#primaryimage"},"thumbnailUrl":"http:\/\/www.golfissimo.biz\/wp-content\/uploads\/2023\/09\/logo.png","datePublished":"2016-11-07T09:46:10+00:00","dateModified":"2023-09-26T11:50:03+00:00","breadcrumb":{"@id":"https:\/\/www.golfissimo.biz\/index.php\/centro-tecnico\/collaborazioni\/castelfalfi\/#breadcrumb"},"inLanguage":"it-IT","potentialAction":[{"@type":"ReadAction","target":["https:\/\/www.golfissimo.biz\/index.php\/centro-tecnico\/collaborazioni\/castelfalfi\/"]}]},{"@type":"ImageObject","inLanguage":"it-IT","@id":"https:\/\/www.golfissimo.biz\/index.php\/centro-tecnico\/collaborazioni\/castelfalfi\/#primaryimage","url":"https:\/\/www.golfissimo.biz\/wp-content\/uploads\/2023\/09\/logo.png","contentUrl":"https:\/\/www.golfissimo.biz\/wp-content\/uploads\/2023\/09\/logo.png","width":998,"height":925},{"@type":"BreadcrumbList","@id":"https:\/\/www.golfissimo.biz\/index.php\/centro-tecnico\/collaborazioni\/castelfalfi\/#breadcrumb","itemListElement":[{"@type":"ListItem","position":1,"name":"Home","item":"https:\/\/www.golfissimo.biz\/"},{"@type":"ListItem","position":2,"name":"Home","item":"https:\/\/www.golfissimo.biz\/"},{"@type":"ListItem","position":3,"name":"Collaborazioni","item":"https:\/\/www.golfissimo.biz\/index.php\/centro-tecnico\/collaborazioni\/"},{"@type":"ListItem","position":4,"name":"Golf Club Castelfalfi"}]},{"@type":"WebSite","@id":"https:\/\/www.golfissimo.biz\/#website","url":"https:\/\/www.golfissimo.biz\/","name":"Golfissimo snc","description":"Club fitting, Riparazione bastoni da golf, Assistenza carrelli elettrici, vendita","publisher":{"@id":"https:\/\/www.golfissimo.biz\/#organization"},"potentialAction":[{"@type":"SearchAction","target":{"@type":"EntryPoint","urlTemplate":"https:\/\/www.golfissimo.biz\/?s={search_term_string}"},"query-input":{"@type":"PropertyValueSpecification","valueRequired":true,"valueName":"search_term_string"}}],"inLanguage":"it-IT"},{"@type":"Organization","@id":"https:\/\/www.golfissimo.biz\/#organization","name":"Golfissimo snc","url":"https:\/\/www.golfissimo.biz\/","logo":{"@type":"ImageObject","inLanguage":"it-IT","@id":"https:\/\/www.golfissimo.biz\/#\/schema\/logo\/image\/","url":"https:\/\/www.golfissimo.biz\/wp-content\/uploads\/2012\/10\/cropped-cropped-cropped-cropped-cropped-LOGONOVO-SITO.jpg","contentUrl":"https:\/\/www.golfissimo.biz\/wp-content\/uploads\/2012\/10\/cropped-cropped-cropped-cropped-cropped-LOGONOVO-SITO.jpg","width":212,"height":90,"caption":"Golfissimo snc"},"image":{"@id":"https:\/\/www.golfissimo.biz\/#\/schema\/logo\/image\/"}}]}},"jetpack_sharing_enabled":true,"_links":{"self":[{"href":"https:\/\/www.golfissimo.biz\/index.php\/wp-json\/wp\/v2\/pages\/3265","targetHints":{"allow":["GET"]}}],"collection":[{"href":"https:\/\/www.golfissimo.biz\/index.php\/wp-json\/wp\/v2\/pages"}],"about":[{"href":"https:\/\/www.golfissimo.biz\/index.php\/wp-json\/wp\/v2\/types\/page"}],"author":[{"embeddable":true,"href":"https:\/\/www.golfissimo.biz\/index.php\/wp-json\/wp\/v2\/users\/1"}],"replies":[{"embeddable":true,"href":"https:\/\/www.golfissimo.biz\/index.php\/wp-json\/wp\/v2\/comments?post=3265"}],"version-history":[{"count":5,"href":"https:\/\/www.golfissimo.biz\/index.php\/wp-json\/wp\/v2\/pages\/3265\/revisions"}],"predecessor-version":[{"id":97071,"href":"https:\/\/www.golfissimo.biz\/index.php\/wp-json\/wp\/v2\/pages\/3265\/revisions\/97071"}],"up":[{"embeddable":true,"href":"https:\/\/www.golfissimo.biz\/index.php\/wp-json\/wp\/v2\/pages\/690"}],"wp:attachment":[{"href":"https:\/\/www.golfissimo.biz\/index.php\/wp-json\/wp\/v2\/media?parent=3265"}],"curies":[{"name":"wp","href":"https:\/\/api.w.org\/{rel}","templated":true}]}}