{"id":565,"date":"2012-11-03T10:52:57","date_gmt":"2012-11-03T09:52:57","guid":{"rendered":"http:\/\/www.golfissimo.biz\/?page_id=565"},"modified":"2023-09-26T12:07:19","modified_gmt":"2023-09-26T11:07:19","slug":"cose-il-club-fitting","status":"publish","type":"page","link":"https:\/\/www.golfissimo.biz\/index.php\/servizi\/cose-il-club-fitting\/","title":{"rendered":"Cos&#8217;\u00e8 il club fitting"},"content":{"rendered":"<p style=\"text-align: justify;\">Il Club Fitting \u00e8 un processo che riteniamo sia\u00a0fondamentale per tutti i golfisti, anche di chi ha appena iniziato a confrontarsi con bastoni da golf. Non solo per i professionisti o per chi ha gi\u00e0 un buon livello di gioco. Infatti tutti trovano miglioramenti nel giocare con attrezzatura idonea alle proprie caratteristiche sia fisiche che golfistiche. Un professionista \u00e8 gi\u00e0 bravo di suo, sa gestire qualunque bastone, ma proprio perch\u00e8 compete nell\u2019eccellenza deve cercare di migliorarsi ancora e quindi il Club Fitting \u00e8 fondamentale per affinare il proprio gioco. Un dilettante che ha appena iniziato non \u00e8 ancora molto capace, quindi deve ricercare l&#8217;aiuto nei bastoni. Proprio perch\u00e8 non \u00e8 ancora a livello di un professionista dovrebbe cercare di fare di tutto per imparare e fare un swing corretto\u00a0e per fare uno swing corretto \u00e8 fondamentale avere un\u2019attrezzatura adeguata alle proprie caratteristiche fisiche, all\u2019et\u00e0, alla capacit\u00e0 di generare velocit\u00e0 ecc\u2026<\/p>\n<p style=\"text-align: justify;\">Oggi\u00a0fare una sessione di Club Fitting \u00e8 molto semplice, ci sono alcuni centri specializzati che offrono questo servizio.<\/p>\n<p style=\"text-align: justify;\">Nelle nostre sessioni di Club Fitting troverete personale qualificato che rileva i vostri dati e stima la traiettoria e la lunghezza della palla per capire se generate abbastanza velocit\u00e0 per giocare quel tipo di bastone, se necessitate di uno shaft pi\u00f9 morbido per agevolare il vostro gioco o se vi serve per esempio uno shaft pi\u00f9 rigido per avere pi\u00f9 controllo sui colpi.<\/p>\n","protected":false},"excerpt":{"rendered":"<p>Il Club Fitting \u00e8 un processo che riteniamo sia\u00a0fondamentale per tutti i golfisti, anche di chi ha appena iniziato a confrontarsi con bastoni da golf. Non solo per i professionisti&hellip;<\/p>\n","protected":false},"author":1,"featured_media":0,"parent":1012,"menu_order":4,"comment_status":"closed","ping_status":"closed","template":"","meta":{"ngg_post_thumbnail":0,"iawp_total_views":62,"footnotes":""},"class_list":["post-565","page","type-page","status-publish","hentry"],"yoast_head":"<!-- This site is optimized with the Yoast SEO plugin v27.4 - https:\/\/yoast.com\/product\/yoast-seo-wordpress\/ -->\r\n<title>Cos&#039;\u00e8 il club fitting - Golfissimo<\/title>\r\n<meta name=\"robots\" content=\"index, follow, max-snippet:-1, max-image-preview:large, max-video-preview:-1\" \/>\r\n<link rel=\"canonical\" href=\"https:\/\/www.golfissimo.biz\/index.php\/servizi\/cose-il-club-fitting\/\" \/>\r\n<meta property=\"og:locale\" content=\"it_IT\" \/>\r\n<meta property=\"og:type\" content=\"article\" \/>\r\n<meta property=\"og:title\" content=\"Cos&#039;\u00e8 il club fitting - Golfissimo\" \/>\r\n<meta property=\"og:description\" content=\"Il Club Fitting \u00e8 un processo che riteniamo sia\u00a0fondamentale per tutti i golfisti, anche di chi ha appena iniziato a confrontarsi con bastoni da golf. Non solo per i professionisti&hellip;\" \/>\r\n<meta property=\"og:url\" content=\"https:\/\/www.golfissimo.biz\/index.php\/servizi\/cose-il-club-fitting\/\" \/>\r\n<meta property=\"og:site_name\" content=\"Golfissimo snc\" \/>\r\n<meta property=\"article:modified_time\" content=\"2023-09-26T11:07:19+00:00\" \/>\r\n<meta name=\"twitter:label1\" content=\"Tempo di lettura stimato\" \/>\n\t<meta name=\"twitter:data1\" content=\"1 minuto\" \/>\r\n<script type=\"application\/ld+json\" class=\"yoast-schema-graph\">{\"@context\":\"https:\\\/\\\/schema.org\",\"@graph\":[{\"@type\":\"WebPage\",\"@id\":\"https:\\\/\\\/www.golfissimo.biz\\\/index.php\\\/servizi\\\/cose-il-club-fitting\\\/\",\"url\":\"https:\\\/\\\/www.golfissimo.biz\\\/index.php\\\/servizi\\\/cose-il-club-fitting\\\/\",\"name\":\"Cos'\u00e8 il club fitting - Golfissimo\",\"isPartOf\":{\"@id\":\"https:\\\/\\\/www.golfissimo.biz\\\/#website\"},\"datePublished\":\"2012-11-03T09:52:57+00:00\",\"dateModified\":\"2023-09-26T11:07:19+00:00\",\"breadcrumb\":{\"@id\":\"https:\\\/\\\/www.golfissimo.biz\\\/index.php\\\/servizi\\\/cose-il-club-fitting\\\/#breadcrumb\"},\"inLanguage\":\"it-IT\",\"potentialAction\":[{\"@type\":\"ReadAction\",\"target\":[\"https:\\\/\\\/www.golfissimo.biz\\\/index.php\\\/servizi\\\/cose-il-club-fitting\\\/\"]}]},{\"@type\":\"BreadcrumbList\",\"@id\":\"https:\\\/\\\/www.golfissimo.biz\\\/index.php\\\/servizi\\\/cose-il-club-fitting\\\/#breadcrumb\",\"itemListElement\":[{\"@type\":\"ListItem\",\"position\":1,\"name\":\"Home\",\"item\":\"https:\\\/\\\/www.golfissimo.biz\\\/\"},{\"@type\":\"ListItem\",\"position\":2,\"name\":\"Servizi\",\"item\":\"https:\\\/\\\/www.golfissimo.biz\\\/index.php\\\/servizi\\\/\"},{\"@type\":\"ListItem\",\"position\":3,\"name\":\"Cos&#8217;\u00e8 il club fitting\"}]},{\"@type\":\"WebSite\",\"@id\":\"https:\\\/\\\/www.golfissimo.biz\\\/#website\",\"url\":\"https:\\\/\\\/www.golfissimo.biz\\\/\",\"name\":\"Golfissimo snc\",\"description\":\"Club fitting, Riparazione bastoni da golf, Assistenza carrelli elettrici, vendita\",\"publisher\":{\"@id\":\"https:\\\/\\\/www.golfissimo.biz\\\/#organization\"},\"potentialAction\":[{\"@type\":\"SearchAction\",\"target\":{\"@type\":\"EntryPoint\",\"urlTemplate\":\"https:\\\/\\\/www.golfissimo.biz\\\/?s={search_term_string}\"},\"query-input\":{\"@type\":\"PropertyValueSpecification\",\"valueRequired\":true,\"valueName\":\"search_term_string\"}}],\"inLanguage\":\"it-IT\"},{\"@type\":\"Organization\",\"@id\":\"https:\\\/\\\/www.golfissimo.biz\\\/#organization\",\"name\":\"Golfissimo snc\",\"url\":\"https:\\\/\\\/www.golfissimo.biz\\\/\",\"logo\":{\"@type\":\"ImageObject\",\"inLanguage\":\"it-IT\",\"@id\":\"https:\\\/\\\/www.golfissimo.biz\\\/#\\\/schema\\\/logo\\\/image\\\/\",\"url\":\"https:\\\/\\\/www.golfissimo.biz\\\/wp-content\\\/uploads\\\/2012\\\/10\\\/cropped-cropped-cropped-cropped-cropped-LOGONOVO-SITO.jpg\",\"contentUrl\":\"https:\\\/\\\/www.golfissimo.biz\\\/wp-content\\\/uploads\\\/2012\\\/10\\\/cropped-cropped-cropped-cropped-cropped-LOGONOVO-SITO.jpg\",\"width\":212,\"height\":90,\"caption\":\"Golfissimo snc\"},\"image\":{\"@id\":\"https:\\\/\\\/www.golfissimo.biz\\\/#\\\/schema\\\/logo\\\/image\\\/\"}}]}<\/script>\r\n<!-- \/ Yoast SEO plugin. -->","yoast_head_json":{"title":"Cos'\u00e8 il club fitting - Golfissimo","robots":{"index":"index","follow":"follow","max-snippet":"max-snippet:-1","max-image-preview":"max-image-preview:large","max-video-preview":"max-video-preview:-1"},"canonical":"https:\/\/www.golfissimo.biz\/index.php\/servizi\/cose-il-club-fitting\/","og_locale":"it_IT","og_type":"article","og_title":"Cos'\u00e8 il club fitting - Golfissimo","og_description":"Il Club Fitting \u00e8 un processo che riteniamo sia\u00a0fondamentale per tutti i golfisti, anche di chi ha appena iniziato a confrontarsi con bastoni da golf. Non solo per i professionisti&hellip;","og_url":"https:\/\/www.golfissimo.biz\/index.php\/servizi\/cose-il-club-fitting\/","og_site_name":"Golfissimo snc","article_modified_time":"2023-09-26T11:07:19+00:00","twitter_misc":{"Tempo di lettura stimato":"1 minuto"},"schema":{"@context":"https:\/\/schema.org","@graph":[{"@type":"WebPage","@id":"https:\/\/www.golfissimo.biz\/index.php\/servizi\/cose-il-club-fitting\/","url":"https:\/\/www.golfissimo.biz\/index.php\/servizi\/cose-il-club-fitting\/","name":"Cos'\u00e8 il club fitting - Golfissimo","isPartOf":{"@id":"https:\/\/www.golfissimo.biz\/#website"},"datePublished":"2012-11-03T09:52:57+00:00","dateModified":"2023-09-26T11:07:19+00:00","breadcrumb":{"@id":"https:\/\/www.golfissimo.biz\/index.php\/servizi\/cose-il-club-fitting\/#breadcrumb"},"inLanguage":"it-IT","potentialAction":[{"@type":"ReadAction","target":["https:\/\/www.golfissimo.biz\/index.php\/servizi\/cose-il-club-fitting\/"]}]},{"@type":"BreadcrumbList","@id":"https:\/\/www.golfissimo.biz\/index.php\/servizi\/cose-il-club-fitting\/#breadcrumb","itemListElement":[{"@type":"ListItem","position":1,"name":"Home","item":"https:\/\/www.golfissimo.biz\/"},{"@type":"ListItem","position":2,"name":"Servizi","item":"https:\/\/www.golfissimo.biz\/index.php\/servizi\/"},{"@type":"ListItem","position":3,"name":"Cos&#8217;\u00e8 il club fitting"}]},{"@type":"WebSite","@id":"https:\/\/www.golfissimo.biz\/#website","url":"https:\/\/www.golfissimo.biz\/","name":"Golfissimo snc","description":"Club fitting, Riparazione bastoni da golf, Assistenza carrelli elettrici, vendita","publisher":{"@id":"https:\/\/www.golfissimo.biz\/#organization"},"potentialAction":[{"@type":"SearchAction","target":{"@type":"EntryPoint","urlTemplate":"https:\/\/www.golfissimo.biz\/?s={search_term_string}"},"query-input":{"@type":"PropertyValueSpecification","valueRequired":true,"valueName":"search_term_string"}}],"inLanguage":"it-IT"},{"@type":"Organization","@id":"https:\/\/www.golfissimo.biz\/#organization","name":"Golfissimo snc","url":"https:\/\/www.golfissimo.biz\/","logo":{"@type":"ImageObject","inLanguage":"it-IT","@id":"https:\/\/www.golfissimo.biz\/#\/schema\/logo\/image\/","url":"https:\/\/www.golfissimo.biz\/wp-content\/uploads\/2012\/10\/cropped-cropped-cropped-cropped-cropped-LOGONOVO-SITO.jpg","contentUrl":"https:\/\/www.golfissimo.biz\/wp-content\/uploads\/2012\/10\/cropped-cropped-cropped-cropped-cropped-LOGONOVO-SITO.jpg","width":212,"height":90,"caption":"Golfissimo snc"},"image":{"@id":"https:\/\/www.golfissimo.biz\/#\/schema\/logo\/image\/"}}]}},"jetpack_sharing_enabled":true,"_links":{"self":[{"href":"https:\/\/www.golfissimo.biz\/index.php\/wp-json\/wp\/v2\/pages\/565","targetHints":{"allow":["GET"]}}],"collection":[{"href":"https:\/\/www.golfissimo.biz\/index.php\/wp-json\/wp\/v2\/pages"}],"about":[{"href":"https:\/\/www.golfissimo.biz\/index.php\/wp-json\/wp\/v2\/types\/page"}],"author":[{"embeddable":true,"href":"https:\/\/www.golfissimo.biz\/index.php\/wp-json\/wp\/v2\/users\/1"}],"replies":[{"embeddable":true,"href":"https:\/\/www.golfissimo.biz\/index.php\/wp-json\/wp\/v2\/comments?post=565"}],"version-history":[{"count":11,"href":"https:\/\/www.golfissimo.biz\/index.php\/wp-json\/wp\/v2\/pages\/565\/revisions"}],"predecessor-version":[{"id":1015,"href":"https:\/\/www.golfissimo.biz\/index.php\/wp-json\/wp\/v2\/pages\/565\/revisions\/1015"}],"up":[{"embeddable":true,"href":"https:\/\/www.golfissimo.biz\/index.php\/wp-json\/wp\/v2\/pages\/1012"}],"wp:attachment":[{"href":"https:\/\/www.golfissimo.biz\/index.php\/wp-json\/wp\/v2\/media?parent=565"}],"curies":[{"name":"wp","href":"https:\/\/api.w.org\/{rel}","templated":true}]}}