{"id":97055,"date":"2023-09-26T12:20:40","date_gmt":"2023-09-26T11:20:40","guid":{"rendered":"http:\/\/www.golfissimo.biz\/?page_id=97055"},"modified":"2023-09-26T12:23:21","modified_gmt":"2023-09-26T11:23:21","slug":"proviamoli-in-campo","status":"publish","type":"page","link":"https:\/\/www.golfissimo.biz\/index.php\/servizi\/proviamoli-in-campo\/","title":{"rendered":"Proviamoli in campo"},"content":{"rendered":"\n<h3 class=\"wp-block-heading\" style=\"text-align:center\"><\/h3>\n\n\n\n<p><\/p>\n\n\n\n<h3 class=\"wp-block-heading\" style=\"text-align:center\"><strong>Proviamoli in campo<\/strong>!<\/h3>\n\n\n\n<p style=\"text-align:center\">Grazie alla pluriennale collaborazione col<\/p>\n\n\n\n<div class=\"wp-block-image\"><figure class=\"aligncenter is-resized\"><img loading=\"lazy\" decoding=\"async\" src=\"https:\/\/www.golfissimo.biz\/wp-content\/uploads\/2023\/09\/Immagine1.jpg\" alt=\"\" class=\"wp-image-97057\" width=\"175\" height=\"175\" srcset=\"https:\/\/www.golfissimo.biz\/wp-content\/uploads\/2023\/09\/Immagine1.jpg 269w, https:\/\/www.golfissimo.biz\/wp-content\/uploads\/2023\/09\/Immagine1-100x100.jpg 100w, https:\/\/www.golfissimo.biz\/wp-content\/uploads\/2023\/09\/Immagine1-150x150.jpg 150w\" sizes=\"auto, (max-width: 175px) 100vw, 175px\" \/><\/figure><\/div>\n\n\n\n<p style=\"text-align:center\">da oggi sar\u00e0 possibile <strong>provare i nostri bastoni in campo pratica<\/strong>! Prelevate da noi quello che vi interessa testare presentatevi al campo e<\/p>\n\n\n\n<h4 class=\"wp-block-heading\" style=\"text-align:center\"><strong>sarete nostri ospiti! Nessun greenfee da pagare. <\/strong><\/h4>\n\n\n\n<p style=\"text-align:center\">A carico vostro soli i gettoni per le palline che desidererete\nusare<\/p>\n\n\n\n<p style=\"text-align:center\">Siamo sicuri che questa ulteriore opportunit\u00e0 vi far\u00e0 apprezzare ancora di pi\u00f9 il nostro ormai quasi quarantennale impegno  al servizio del vostro divertimento<\/p>\n","protected":false},"excerpt":{"rendered":"<p>Proviamoli in campo! Grazie alla pluriennale collaborazione col da oggi sar\u00e0 possibile provare i nostri bastoni in campo pratica! Prelevate da noi quello che vi interessa testare presentatevi al campo&hellip;<\/p>\n","protected":false},"author":1,"featured_media":0,"parent":1012,"menu_order":0,"comment_status":"closed","ping_status":"closed","template":"","meta":{"ngg_post_thumbnail":0,"iawp_total_views":29,"footnotes":""},"class_list":["post-97055","page","type-page","status-publish","hentry"],"yoast_head":"<!-- This site is optimized with the Yoast SEO plugin v27.4 - https:\/\/yoast.com\/product\/yoast-seo-wordpress\/ -->\r\n<title>Proviamoli in campo - Golfissimo snc<\/title>\r\n<meta name=\"robots\" content=\"index, follow, max-snippet:-1, max-image-preview:large, max-video-preview:-1\" \/>\r\n<link rel=\"canonical\" href=\"https:\/\/www.golfissimo.biz\/index.php\/servizi\/proviamoli-in-campo\/\" \/>\r\n<meta property=\"og:locale\" content=\"it_IT\" \/>\r\n<meta property=\"og:type\" content=\"article\" \/>\r\n<meta property=\"og:title\" content=\"Proviamoli in campo - Golfissimo snc\" \/>\r\n<meta property=\"og:description\" content=\"Proviamoli in campo! Grazie alla pluriennale collaborazione col da oggi sar\u00e0 possibile provare i nostri bastoni in campo pratica! Prelevate da noi quello che vi interessa testare presentatevi al campo&hellip;\" \/>\r\n<meta property=\"og:url\" content=\"https:\/\/www.golfissimo.biz\/index.php\/servizi\/proviamoli-in-campo\/\" \/>\r\n<meta property=\"og:site_name\" content=\"Golfissimo snc\" \/>\r\n<meta property=\"article:modified_time\" content=\"2023-09-26T11:23:21+00:00\" \/>\r\n<meta property=\"og:image\" content=\"http:\/\/www.golfissimo.biz\/wp-content\/uploads\/2023\/09\/Immagine1.jpg\" \/>\r\n<script type=\"application\/ld+json\" class=\"yoast-schema-graph\">{\"@context\":\"https:\\\/\\\/schema.org\",\"@graph\":[{\"@type\":\"WebPage\",\"@id\":\"https:\\\/\\\/www.golfissimo.biz\\\/index.php\\\/servizi\\\/proviamoli-in-campo\\\/\",\"url\":\"https:\\\/\\\/www.golfissimo.biz\\\/index.php\\\/servizi\\\/proviamoli-in-campo\\\/\",\"name\":\"Proviamoli in campo - Golfissimo snc\",\"isPartOf\":{\"@id\":\"https:\\\/\\\/www.golfissimo.biz\\\/#website\"},\"primaryImageOfPage\":{\"@id\":\"https:\\\/\\\/www.golfissimo.biz\\\/index.php\\\/servizi\\\/proviamoli-in-campo\\\/#primaryimage\"},\"image\":{\"@id\":\"https:\\\/\\\/www.golfissimo.biz\\\/index.php\\\/servizi\\\/proviamoli-in-campo\\\/#primaryimage\"},\"thumbnailUrl\":\"http:\\\/\\\/www.golfissimo.biz\\\/wp-content\\\/uploads\\\/2023\\\/09\\\/Immagine1.jpg\",\"datePublished\":\"2023-09-26T11:20:40+00:00\",\"dateModified\":\"2023-09-26T11:23:21+00:00\",\"breadcrumb\":{\"@id\":\"https:\\\/\\\/www.golfissimo.biz\\\/index.php\\\/servizi\\\/proviamoli-in-campo\\\/#breadcrumb\"},\"inLanguage\":\"it-IT\",\"potentialAction\":[{\"@type\":\"ReadAction\",\"target\":[\"https:\\\/\\\/www.golfissimo.biz\\\/index.php\\\/servizi\\\/proviamoli-in-campo\\\/\"]}]},{\"@type\":\"ImageObject\",\"inLanguage\":\"it-IT\",\"@id\":\"https:\\\/\\\/www.golfissimo.biz\\\/index.php\\\/servizi\\\/proviamoli-in-campo\\\/#primaryimage\",\"url\":\"https:\\\/\\\/www.golfissimo.biz\\\/wp-content\\\/uploads\\\/2023\\\/09\\\/Immagine1.jpg\",\"contentUrl\":\"https:\\\/\\\/www.golfissimo.biz\\\/wp-content\\\/uploads\\\/2023\\\/09\\\/Immagine1.jpg\",\"width\":269,\"height\":269},{\"@type\":\"BreadcrumbList\",\"@id\":\"https:\\\/\\\/www.golfissimo.biz\\\/index.php\\\/servizi\\\/proviamoli-in-campo\\\/#breadcrumb\",\"itemListElement\":[{\"@type\":\"ListItem\",\"position\":1,\"name\":\"Home\",\"item\":\"https:\\\/\\\/www.golfissimo.biz\\\/\"},{\"@type\":\"ListItem\",\"position\":2,\"name\":\"Servizi\",\"item\":\"https:\\\/\\\/www.golfissimo.biz\\\/index.php\\\/servizi\\\/\"},{\"@type\":\"ListItem\",\"position\":3,\"name\":\"Proviamoli in campo\"}]},{\"@type\":\"WebSite\",\"@id\":\"https:\\\/\\\/www.golfissimo.biz\\\/#website\",\"url\":\"https:\\\/\\\/www.golfissimo.biz\\\/\",\"name\":\"Golfissimo snc\",\"description\":\"Club fitting, Riparazione bastoni da golf, Assistenza carrelli elettrici, vendita\",\"publisher\":{\"@id\":\"https:\\\/\\\/www.golfissimo.biz\\\/#organization\"},\"potentialAction\":[{\"@type\":\"SearchAction\",\"target\":{\"@type\":\"EntryPoint\",\"urlTemplate\":\"https:\\\/\\\/www.golfissimo.biz\\\/?s={search_term_string}\"},\"query-input\":{\"@type\":\"PropertyValueSpecification\",\"valueRequired\":true,\"valueName\":\"search_term_string\"}}],\"inLanguage\":\"it-IT\"},{\"@type\":\"Organization\",\"@id\":\"https:\\\/\\\/www.golfissimo.biz\\\/#organization\",\"name\":\"Golfissimo snc\",\"url\":\"https:\\\/\\\/www.golfissimo.biz\\\/\",\"logo\":{\"@type\":\"ImageObject\",\"inLanguage\":\"it-IT\",\"@id\":\"https:\\\/\\\/www.golfissimo.biz\\\/#\\\/schema\\\/logo\\\/image\\\/\",\"url\":\"https:\\\/\\\/www.golfissimo.biz\\\/wp-content\\\/uploads\\\/2012\\\/10\\\/cropped-cropped-cropped-cropped-cropped-LOGONOVO-SITO.jpg\",\"contentUrl\":\"https:\\\/\\\/www.golfissimo.biz\\\/wp-content\\\/uploads\\\/2012\\\/10\\\/cropped-cropped-cropped-cropped-cropped-LOGONOVO-SITO.jpg\",\"width\":212,\"height\":90,\"caption\":\"Golfissimo snc\"},\"image\":{\"@id\":\"https:\\\/\\\/www.golfissimo.biz\\\/#\\\/schema\\\/logo\\\/image\\\/\"}}]}<\/script>\r\n<!-- \/ Yoast SEO plugin. -->","yoast_head_json":{"title":"Proviamoli in campo - Golfissimo snc","robots":{"index":"index","follow":"follow","max-snippet":"max-snippet:-1","max-image-preview":"max-image-preview:large","max-video-preview":"max-video-preview:-1"},"canonical":"https:\/\/www.golfissimo.biz\/index.php\/servizi\/proviamoli-in-campo\/","og_locale":"it_IT","og_type":"article","og_title":"Proviamoli in campo - Golfissimo snc","og_description":"Proviamoli in campo! Grazie alla pluriennale collaborazione col da oggi sar\u00e0 possibile provare i nostri bastoni in campo pratica! Prelevate da noi quello che vi interessa testare presentatevi al campo&hellip;","og_url":"https:\/\/www.golfissimo.biz\/index.php\/servizi\/proviamoli-in-campo\/","og_site_name":"Golfissimo snc","article_modified_time":"2023-09-26T11:23:21+00:00","og_image":[{"url":"http:\/\/www.golfissimo.biz\/wp-content\/uploads\/2023\/09\/Immagine1.jpg","type":"","width":"","height":""}],"schema":{"@context":"https:\/\/schema.org","@graph":[{"@type":"WebPage","@id":"https:\/\/www.golfissimo.biz\/index.php\/servizi\/proviamoli-in-campo\/","url":"https:\/\/www.golfissimo.biz\/index.php\/servizi\/proviamoli-in-campo\/","name":"Proviamoli in campo - Golfissimo snc","isPartOf":{"@id":"https:\/\/www.golfissimo.biz\/#website"},"primaryImageOfPage":{"@id":"https:\/\/www.golfissimo.biz\/index.php\/servizi\/proviamoli-in-campo\/#primaryimage"},"image":{"@id":"https:\/\/www.golfissimo.biz\/index.php\/servizi\/proviamoli-in-campo\/#primaryimage"},"thumbnailUrl":"http:\/\/www.golfissimo.biz\/wp-content\/uploads\/2023\/09\/Immagine1.jpg","datePublished":"2023-09-26T11:20:40+00:00","dateModified":"2023-09-26T11:23:21+00:00","breadcrumb":{"@id":"https:\/\/www.golfissimo.biz\/index.php\/servizi\/proviamoli-in-campo\/#breadcrumb"},"inLanguage":"it-IT","potentialAction":[{"@type":"ReadAction","target":["https:\/\/www.golfissimo.biz\/index.php\/servizi\/proviamoli-in-campo\/"]}]},{"@type":"ImageObject","inLanguage":"it-IT","@id":"https:\/\/www.golfissimo.biz\/index.php\/servizi\/proviamoli-in-campo\/#primaryimage","url":"https:\/\/www.golfissimo.biz\/wp-content\/uploads\/2023\/09\/Immagine1.jpg","contentUrl":"https:\/\/www.golfissimo.biz\/wp-content\/uploads\/2023\/09\/Immagine1.jpg","width":269,"height":269},{"@type":"BreadcrumbList","@id":"https:\/\/www.golfissimo.biz\/index.php\/servizi\/proviamoli-in-campo\/#breadcrumb","itemListElement":[{"@type":"ListItem","position":1,"name":"Home","item":"https:\/\/www.golfissimo.biz\/"},{"@type":"ListItem","position":2,"name":"Servizi","item":"https:\/\/www.golfissimo.biz\/index.php\/servizi\/"},{"@type":"ListItem","position":3,"name":"Proviamoli in campo"}]},{"@type":"WebSite","@id":"https:\/\/www.golfissimo.biz\/#website","url":"https:\/\/www.golfissimo.biz\/","name":"Golfissimo snc","description":"Club fitting, Riparazione bastoni da golf, Assistenza carrelli elettrici, vendita","publisher":{"@id":"https:\/\/www.golfissimo.biz\/#organization"},"potentialAction":[{"@type":"SearchAction","target":{"@type":"EntryPoint","urlTemplate":"https:\/\/www.golfissimo.biz\/?s={search_term_string}"},"query-input":{"@type":"PropertyValueSpecification","valueRequired":true,"valueName":"search_term_string"}}],"inLanguage":"it-IT"},{"@type":"Organization","@id":"https:\/\/www.golfissimo.biz\/#organization","name":"Golfissimo snc","url":"https:\/\/www.golfissimo.biz\/","logo":{"@type":"ImageObject","inLanguage":"it-IT","@id":"https:\/\/www.golfissimo.biz\/#\/schema\/logo\/image\/","url":"https:\/\/www.golfissimo.biz\/wp-content\/uploads\/2012\/10\/cropped-cropped-cropped-cropped-cropped-LOGONOVO-SITO.jpg","contentUrl":"https:\/\/www.golfissimo.biz\/wp-content\/uploads\/2012\/10\/cropped-cropped-cropped-cropped-cropped-LOGONOVO-SITO.jpg","width":212,"height":90,"caption":"Golfissimo snc"},"image":{"@id":"https:\/\/www.golfissimo.biz\/#\/schema\/logo\/image\/"}}]}},"jetpack_sharing_enabled":true,"_links":{"self":[{"href":"https:\/\/www.golfissimo.biz\/index.php\/wp-json\/wp\/v2\/pages\/97055","targetHints":{"allow":["GET"]}}],"collection":[{"href":"https:\/\/www.golfissimo.biz\/index.php\/wp-json\/wp\/v2\/pages"}],"about":[{"href":"https:\/\/www.golfissimo.biz\/index.php\/wp-json\/wp\/v2\/types\/page"}],"author":[{"embeddable":true,"href":"https:\/\/www.golfissimo.biz\/index.php\/wp-json\/wp\/v2\/users\/1"}],"replies":[{"embeddable":true,"href":"https:\/\/www.golfissimo.biz\/index.php\/wp-json\/wp\/v2\/comments?post=97055"}],"version-history":[{"count":3,"href":"https:\/\/www.golfissimo.biz\/index.php\/wp-json\/wp\/v2\/pages\/97055\/revisions"}],"predecessor-version":[{"id":97061,"href":"https:\/\/www.golfissimo.biz\/index.php\/wp-json\/wp\/v2\/pages\/97055\/revisions\/97061"}],"up":[{"embeddable":true,"href":"https:\/\/www.golfissimo.biz\/index.php\/wp-json\/wp\/v2\/pages\/1012"}],"wp:attachment":[{"href":"https:\/\/www.golfissimo.biz\/index.php\/wp-json\/wp\/v2\/media?parent=97055"}],"curies":[{"name":"wp","href":"https:\/\/api.w.org\/{rel}","templated":true}]}}