{"id":121687,"date":"2025-09-10T13:00:59","date_gmt":"2025-09-10T12:00:59","guid":{"rendered":"https:\/\/www.golfissimo.biz\/?post_type=product&#038;p=121687"},"modified":"2025-09-19T08:53:19","modified_gmt":"2025-09-19T07:53:19","slug":"wedge-taylormade-mg4","status":"publish","type":"product","link":"https:\/\/www.golfissimo.biz\/index.php\/prodotto\/wedge-taylormade-mg4\/","title":{"rendered":"Wedge TaylorMade MG4"},"content":{"rendered":"<p>INCISIONE LASER PER UNO SPIN MIGLIORE<br \/>\nMilled Grind 4 utilizza un battistrada Spin inciso al laser e una superficie grezza per garantire una migliore aderenza intorno al green e uno spin superiore in condizioni di bagnato. La forma raffinata crea un&#8217;estetica armoniosa che ispira creativit\u00e0 intorno al green, mentre la distribuzione migliorata della massa offre una sensazione di solidit\u00e0.<\/p>\n<p>SPIN MIGLIORATO IN CONDIZIONI DI UMIDIT\u00c0<br \/>\nLa tecnologia Spin Tread utilizza l&#8217;incisione laser per convogliare l&#8217;umidit\u00e0 e aiutare a mantenere lo spin in condizioni di umidit\u00e0. Proprio come il battistrada degli pneumatici aiuta la vostra auto a rimanere aderente alla strada, Spin Tread devia l&#8217;acqua all&#8217;impatto e crea pi\u00f9 attrito tra la faccia del bastone e la pallina da golf per impartire uno spin maggiore rispetto alle generazioni precedenti.<\/p>\n<p>FACCIA GREZZA E NUOVA FINITURA<br \/>\nC&#8217;\u00e8 un motivo per cui i migliori giocatori preferiscono i wedge grezzi. Il materiale non placcato si arrugginisce nel tempo per preservare uno spin costante, offrendo al contempo prestazioni migliori in condizioni di bagnato. Una nuova finitura raffinata con una tonalit\u00e0 leggermente pi\u00f9 scura riduce al minimo il riverbero e si fonde perfettamente con la faccia grezza per un aspetto uniforme.<\/p>\n<p>FORMA RAFFINATA<br \/>\nMG4 presenta raffinatezze nella forma e nell&#8217;aspetto visivo, con particolare attenzione a ci\u00f2 che i giocatori percepiscono all&#8217;indirizzo. I dettagli dell&#8217;hosel, l&#8217;offset e la rettilineit\u00e0 del bordo d&#8217;attacco sono stati tutti ispirati dalle intuizioni e dalle preferenze dei migliori giocatori e dei designer pi\u00f9 esperti. Rispetto al precedente MG3, MG4 presenta un&#8217;impronta leggermente pi\u00f9 grande che offre ai giocatori un senso di rotondit\u00e0, fluidit\u00e0 e maggiore facilit\u00e0 d&#8217;uso.<\/p>\n<p>Tradotto con DeepL.com (versione gratuita)<\/p>\n","protected":false},"excerpt":{"rendered":"<p>INCISIONE LASER PER UNO SPIN MIGLIORE Milled Grind 4 utilizza un battistrada Spin inciso al laser e una superficie grezza per garantire una migliore aderenza intorno al green e uno&hellip;<\/p>\n","protected":false},"featured_media":121694,"comment_status":"closed","ping_status":"closed","template":"","meta":{"ngg_post_thumbnail":0,"iawp_total_views":17},"product_brand":[187],"product_cat":[168],"product_tag":[191],"class_list":{"0":"post-121687","1":"product","2":"type-product","3":"status-publish","4":"has-post-thumbnail","6":"product_brand-taylormade","7":"product_cat-wedge","8":"product_tag-wedge","10":"first","11":"instock","12":"sale","13":"taxable","14":"shipping-taxable","15":"purchasable","16":"product-type-variable"},"yoast_head":"<!-- This site is optimized with the Yoast SEO plugin v27.4 - https:\/\/yoast.com\/product\/yoast-seo-wordpress\/ -->\r\n<title>Wedge TaylorMade MG4 - Golfissimo snc<\/title>\r\n<meta name=\"robots\" content=\"index, follow, max-snippet:-1, max-image-preview:large, max-video-preview:-1\" \/>\r\n<link rel=\"canonical\" href=\"https:\/\/www.golfissimo.biz\/index.php\/prodotto\/wedge-taylormade-mg4\/\" \/>\r\n<meta property=\"og:locale\" content=\"it_IT\" \/>\r\n<meta property=\"og:type\" content=\"article\" \/>\r\n<meta property=\"og:title\" content=\"Wedge TaylorMade MG4 - Golfissimo snc\" \/>\r\n<meta property=\"og:description\" content=\"INCISIONE LASER PER UNO SPIN MIGLIORE Milled Grind 4 utilizza un battistrada Spin inciso al laser e una superficie grezza per garantire una migliore aderenza intorno al green e uno&hellip;\" \/>\r\n<meta property=\"og:url\" content=\"https:\/\/www.golfissimo.biz\/index.php\/prodotto\/wedge-taylormade-mg4\/\" \/>\r\n<meta property=\"og:site_name\" content=\"Golfissimo snc\" \/>\r\n<meta property=\"article:modified_time\" content=\"2025-09-19T07:53:19+00:00\" \/>\r\n<meta property=\"og:image\" content=\"https:\/\/www.golfissimo.biz\/wp-content\/uploads\/2025\/09\/6c31f6f5-3ca2-45c5-9f66-11da40d5dc7f.jpeg\" \/>\r\n\t<meta property=\"og:image:width\" content=\"917\" \/>\r\n\t<meta property=\"og:image:height\" content=\"2048\" \/>\r\n\t<meta property=\"og:image:type\" content=\"image\/jpeg\" \/>\r\n<meta name=\"twitter:label1\" content=\"Tempo di lettura stimato\" \/>\n\t<meta name=\"twitter:data1\" content=\"2 minuti\" \/>\r\n<script type=\"application\/ld+json\" class=\"yoast-schema-graph\">{\"@context\":\"https:\\\/\\\/schema.org\",\"@graph\":[{\"@type\":\"WebPage\",\"@id\":\"https:\\\/\\\/www.golfissimo.biz\\\/index.php\\\/prodotto\\\/wedge-taylormade-mg4\\\/\",\"url\":\"https:\\\/\\\/www.golfissimo.biz\\\/index.php\\\/prodotto\\\/wedge-taylormade-mg4\\\/\",\"name\":\"Wedge TaylorMade MG4 - Golfissimo snc\",\"isPartOf\":{\"@id\":\"https:\\\/\\\/www.golfissimo.biz\\\/#website\"},\"primaryImageOfPage\":{\"@id\":\"https:\\\/\\\/www.golfissimo.biz\\\/index.php\\\/prodotto\\\/wedge-taylormade-mg4\\\/#primaryimage\"},\"image\":{\"@id\":\"https:\\\/\\\/www.golfissimo.biz\\\/index.php\\\/prodotto\\\/wedge-taylormade-mg4\\\/#primaryimage\"},\"thumbnailUrl\":\"https:\\\/\\\/www.golfissimo.biz\\\/wp-content\\\/uploads\\\/2025\\\/09\\\/6c31f6f5-3ca2-45c5-9f66-11da40d5dc7f.jpeg\",\"datePublished\":\"2025-09-10T12:00:59+00:00\",\"dateModified\":\"2025-09-19T07:53:19+00:00\",\"breadcrumb\":{\"@id\":\"https:\\\/\\\/www.golfissimo.biz\\\/index.php\\\/prodotto\\\/wedge-taylormade-mg4\\\/#breadcrumb\"},\"inLanguage\":\"it-IT\",\"potentialAction\":[{\"@type\":\"ReadAction\",\"target\":[\"https:\\\/\\\/www.golfissimo.biz\\\/index.php\\\/prodotto\\\/wedge-taylormade-mg4\\\/\"]}]},{\"@type\":\"ImageObject\",\"inLanguage\":\"it-IT\",\"@id\":\"https:\\\/\\\/www.golfissimo.biz\\\/index.php\\\/prodotto\\\/wedge-taylormade-mg4\\\/#primaryimage\",\"url\":\"https:\\\/\\\/www.golfissimo.biz\\\/wp-content\\\/uploads\\\/2025\\\/09\\\/6c31f6f5-3ca2-45c5-9f66-11da40d5dc7f.jpeg\",\"contentUrl\":\"https:\\\/\\\/www.golfissimo.biz\\\/wp-content\\\/uploads\\\/2025\\\/09\\\/6c31f6f5-3ca2-45c5-9f66-11da40d5dc7f.jpeg\",\"width\":917,\"height\":2048},{\"@type\":\"BreadcrumbList\",\"@id\":\"https:\\\/\\\/www.golfissimo.biz\\\/index.php\\\/prodotto\\\/wedge-taylormade-mg4\\\/#breadcrumb\",\"itemListElement\":[{\"@type\":\"ListItem\",\"position\":1,\"name\":\"Home\",\"item\":\"https:\\\/\\\/www.golfissimo.biz\\\/\"},{\"@type\":\"ListItem\",\"position\":2,\"name\":\"Negozio\",\"item\":\"https:\\\/\\\/www.golfissimo.biz\\\/index.php\\\/negozio\\\/\"},{\"@type\":\"ListItem\",\"position\":3,\"name\":\"Wedge TaylorMade MG4\"}]},{\"@type\":\"WebSite\",\"@id\":\"https:\\\/\\\/www.golfissimo.biz\\\/#website\",\"url\":\"https:\\\/\\\/www.golfissimo.biz\\\/\",\"name\":\"Golfissimo snc\",\"description\":\"Club fitting, Riparazione bastoni da golf, Assistenza carrelli elettrici, vendita\",\"publisher\":{\"@id\":\"https:\\\/\\\/www.golfissimo.biz\\\/#organization\"},\"potentialAction\":[{\"@type\":\"SearchAction\",\"target\":{\"@type\":\"EntryPoint\",\"urlTemplate\":\"https:\\\/\\\/www.golfissimo.biz\\\/?s={search_term_string}\"},\"query-input\":{\"@type\":\"PropertyValueSpecification\",\"valueRequired\":true,\"valueName\":\"search_term_string\"}}],\"inLanguage\":\"it-IT\"},{\"@type\":\"Organization\",\"@id\":\"https:\\\/\\\/www.golfissimo.biz\\\/#organization\",\"name\":\"Golfissimo snc\",\"url\":\"https:\\\/\\\/www.golfissimo.biz\\\/\",\"logo\":{\"@type\":\"ImageObject\",\"inLanguage\":\"it-IT\",\"@id\":\"https:\\\/\\\/www.golfissimo.biz\\\/#\\\/schema\\\/logo\\\/image\\\/\",\"url\":\"https:\\\/\\\/www.golfissimo.biz\\\/wp-content\\\/uploads\\\/2012\\\/10\\\/cropped-cropped-cropped-cropped-cropped-LOGONOVO-SITO.jpg\",\"contentUrl\":\"https:\\\/\\\/www.golfissimo.biz\\\/wp-content\\\/uploads\\\/2012\\\/10\\\/cropped-cropped-cropped-cropped-cropped-LOGONOVO-SITO.jpg\",\"width\":212,\"height\":90,\"caption\":\"Golfissimo snc\"},\"image\":{\"@id\":\"https:\\\/\\\/www.golfissimo.biz\\\/#\\\/schema\\\/logo\\\/image\\\/\"}}]}<\/script>\r\n<!-- \/ Yoast SEO plugin. -->","yoast_head_json":{"title":"Wedge TaylorMade MG4 - Golfissimo snc","robots":{"index":"index","follow":"follow","max-snippet":"max-snippet:-1","max-image-preview":"max-image-preview:large","max-video-preview":"max-video-preview:-1"},"canonical":"https:\/\/www.golfissimo.biz\/index.php\/prodotto\/wedge-taylormade-mg4\/","og_locale":"it_IT","og_type":"article","og_title":"Wedge TaylorMade MG4 - Golfissimo snc","og_description":"INCISIONE LASER PER UNO SPIN MIGLIORE Milled Grind 4 utilizza un battistrada Spin inciso al laser e una superficie grezza per garantire una migliore aderenza intorno al green e uno&hellip;","og_url":"https:\/\/www.golfissimo.biz\/index.php\/prodotto\/wedge-taylormade-mg4\/","og_site_name":"Golfissimo snc","article_modified_time":"2025-09-19T07:53:19+00:00","og_image":[{"width":917,"height":2048,"url":"https:\/\/www.golfissimo.biz\/wp-content\/uploads\/2025\/09\/6c31f6f5-3ca2-45c5-9f66-11da40d5dc7f.jpeg","type":"image\/jpeg"}],"twitter_misc":{"Tempo di lettura stimato":"2 minuti"},"schema":{"@context":"https:\/\/schema.org","@graph":[{"@type":"WebPage","@id":"https:\/\/www.golfissimo.biz\/index.php\/prodotto\/wedge-taylormade-mg4\/","url":"https:\/\/www.golfissimo.biz\/index.php\/prodotto\/wedge-taylormade-mg4\/","name":"Wedge TaylorMade MG4 - Golfissimo snc","isPartOf":{"@id":"https:\/\/www.golfissimo.biz\/#website"},"primaryImageOfPage":{"@id":"https:\/\/www.golfissimo.biz\/index.php\/prodotto\/wedge-taylormade-mg4\/#primaryimage"},"image":{"@id":"https:\/\/www.golfissimo.biz\/index.php\/prodotto\/wedge-taylormade-mg4\/#primaryimage"},"thumbnailUrl":"https:\/\/www.golfissimo.biz\/wp-content\/uploads\/2025\/09\/6c31f6f5-3ca2-45c5-9f66-11da40d5dc7f.jpeg","datePublished":"2025-09-10T12:00:59+00:00","dateModified":"2025-09-19T07:53:19+00:00","breadcrumb":{"@id":"https:\/\/www.golfissimo.biz\/index.php\/prodotto\/wedge-taylormade-mg4\/#breadcrumb"},"inLanguage":"it-IT","potentialAction":[{"@type":"ReadAction","target":["https:\/\/www.golfissimo.biz\/index.php\/prodotto\/wedge-taylormade-mg4\/"]}]},{"@type":"ImageObject","inLanguage":"it-IT","@id":"https:\/\/www.golfissimo.biz\/index.php\/prodotto\/wedge-taylormade-mg4\/#primaryimage","url":"https:\/\/www.golfissimo.biz\/wp-content\/uploads\/2025\/09\/6c31f6f5-3ca2-45c5-9f66-11da40d5dc7f.jpeg","contentUrl":"https:\/\/www.golfissimo.biz\/wp-content\/uploads\/2025\/09\/6c31f6f5-3ca2-45c5-9f66-11da40d5dc7f.jpeg","width":917,"height":2048},{"@type":"BreadcrumbList","@id":"https:\/\/www.golfissimo.biz\/index.php\/prodotto\/wedge-taylormade-mg4\/#breadcrumb","itemListElement":[{"@type":"ListItem","position":1,"name":"Home","item":"https:\/\/www.golfissimo.biz\/"},{"@type":"ListItem","position":2,"name":"Negozio","item":"https:\/\/www.golfissimo.biz\/index.php\/negozio\/"},{"@type":"ListItem","position":3,"name":"Wedge TaylorMade MG4"}]},{"@type":"WebSite","@id":"https:\/\/www.golfissimo.biz\/#website","url":"https:\/\/www.golfissimo.biz\/","name":"Golfissimo snc","description":"Club fitting, Riparazione bastoni da golf, Assistenza carrelli elettrici, vendita","publisher":{"@id":"https:\/\/www.golfissimo.biz\/#organization"},"potentialAction":[{"@type":"SearchAction","target":{"@type":"EntryPoint","urlTemplate":"https:\/\/www.golfissimo.biz\/?s={search_term_string}"},"query-input":{"@type":"PropertyValueSpecification","valueRequired":true,"valueName":"search_term_string"}}],"inLanguage":"it-IT"},{"@type":"Organization","@id":"https:\/\/www.golfissimo.biz\/#organization","name":"Golfissimo snc","url":"https:\/\/www.golfissimo.biz\/","logo":{"@type":"ImageObject","inLanguage":"it-IT","@id":"https:\/\/www.golfissimo.biz\/#\/schema\/logo\/image\/","url":"https:\/\/www.golfissimo.biz\/wp-content\/uploads\/2012\/10\/cropped-cropped-cropped-cropped-cropped-LOGONOVO-SITO.jpg","contentUrl":"https:\/\/www.golfissimo.biz\/wp-content\/uploads\/2012\/10\/cropped-cropped-cropped-cropped-cropped-LOGONOVO-SITO.jpg","width":212,"height":90,"caption":"Golfissimo snc"},"image":{"@id":"https:\/\/www.golfissimo.biz\/#\/schema\/logo\/image\/"}}]}},"jetpack_sharing_enabled":true,"_links":{"self":[{"href":"https:\/\/www.golfissimo.biz\/index.php\/wp-json\/wp\/v2\/product\/121687","targetHints":{"allow":["GET"]}}],"collection":[{"href":"https:\/\/www.golfissimo.biz\/index.php\/wp-json\/wp\/v2\/product"}],"about":[{"href":"https:\/\/www.golfissimo.biz\/index.php\/wp-json\/wp\/v2\/types\/product"}],"replies":[{"embeddable":true,"href":"https:\/\/www.golfissimo.biz\/index.php\/wp-json\/wp\/v2\/comments?post=121687"}],"wp:featuredmedia":[{"embeddable":true,"href":"https:\/\/www.golfissimo.biz\/index.php\/wp-json\/wp\/v2\/media\/121694"}],"wp:attachment":[{"href":"https:\/\/www.golfissimo.biz\/index.php\/wp-json\/wp\/v2\/media?parent=121687"}],"wp:term":[{"taxonomy":"product_brand","embeddable":true,"href":"https:\/\/www.golfissimo.biz\/index.php\/wp-json\/wp\/v2\/product_brand?post=121687"},{"taxonomy":"product_cat","embeddable":true,"href":"https:\/\/www.golfissimo.biz\/index.php\/wp-json\/wp\/v2\/product_cat?post=121687"},{"taxonomy":"product_tag","embeddable":true,"href":"https:\/\/www.golfissimo.biz\/index.php\/wp-json\/wp\/v2\/product_tag?post=121687"}],"curies":[{"name":"wp","href":"https:\/\/api.w.org\/{rel}","templated":true}]}}